{"id":2,"date":"2021-01-07T00:50:27","date_gmt":"2021-01-07T05:50:27","guid":{"rendered":"https:\/\/triplyinc.com\/?page_id=2"},"modified":"2021-09-16T19:48:36","modified_gmt":"2021-09-17T00:48:36","slug":"sample-page","status":"publish","type":"page","link":"https:\/\/triplyinc.com\/en\/","title":{"rendered":"Home"},"content":{"rendered":"<div class=\"wp-block-cover alignfull has-background-dim-30 has-background-dim\" style=\"min-height:742px;aspect-ratio:unset;\"><img loading=\"lazy\" decoding=\"async\" width=\"2048\" height=\"1363\" class=\"wp-block-cover__image-background wp-image-22\" alt=\"\" src=\"https:\/\/triplyinc.com\/wp-content\/uploads\/2021\/01\/shop.jpg\" data-object-fit=\"cover\" srcset=\"https:\/\/triplyinc.com\/wp-content\/uploads\/2021\/01\/shop.jpg 2048w, https:\/\/triplyinc.com\/wp-content\/uploads\/2021\/01\/shop-300x200.jpg 300w, https:\/\/triplyinc.com\/wp-content\/uploads\/2021\/01\/shop-1024x682.jpg 1024w, https:\/\/triplyinc.com\/wp-content\/uploads\/2021\/01\/shop-768x511.jpg 768w, https:\/\/triplyinc.com\/wp-content\/uploads\/2021\/01\/shop-1536x1022.jpg 1536w, https:\/\/triplyinc.com\/wp-content\/uploads\/2021\/01\/shop-1568x1044.jpg 1568w\" sizes=\"auto, (max-width: 2048px) 100vw, 2048px\" \/><div class=\"wp-block-cover__inner-container is-layout-flow wp-block-cover-is-layout-flow\">\n<h2 class=\"has-text-align-center wp-block-heading\"><\/h2>\n\n\n\n<p class=\"has-text-align-center\"><\/p>\n<\/div><\/div>\n\n\n\n<div class=\"wp-block-columns alignfull is-layout-flex wp-container-core-columns-is-layout-9d6595d7 wp-block-columns-is-layout-flex\">\n<div class=\"wp-block-column is-layout-flow wp-block-column-is-layout-flow\">\n<div class=\"alignfull\"><div id=\"metaslider-id-210\" style=\"max-width: 700px; margin: 0 auto;\" class=\"ml-slider-3-109-0 metaslider metaslider-flex metaslider-210 ml-slider has-dots-nav ms-theme-default\" role=\"region\" aria-label=\"New Slideshow\" data-height=\"400\" data-width=\"700\">\n    <div id=\"metaslider_container_210\">\n        <div id=\"metaslider_210\">\n            <ul class='slides'>\n                <li style=\"display: block; width: 100%;\" class=\"slide-299 ms-image\" aria-roledescription=\"slide\" data-date=\"2021-09-16 20:12:56\" data-filename=\"242255098_146351837685969_6077718170870477413_n-700x400.jpg\" data-slide-type=\"image\"><img loading=\"lazy\" decoding=\"async\" src=\"https:\/\/triplyinc.com\/wp-content\/uploads\/2021\/09\/242255098_146351837685969_6077718170870477413_n-700x400.jpg\" height=\"400\" width=\"700\" alt=\"\" class=\"slider-210 slide-299 msDefaultImage\" title=\"242255098_146351837685969_6077718170870477413_n\" \/><\/li>\n                <li style=\"display: none; width: 100%;\" class=\"slide-215 ms-image\" aria-roledescription=\"slide\" data-date=\"2021-03-05 20:37:08\" data-filename=\"139923542_415362666382442_2365703463096493785_n-700x400.jpg\" data-slide-type=\"image\"><img loading=\"lazy\" decoding=\"async\" src=\"https:\/\/triplyinc.com\/wp-content\/uploads\/2021\/03\/139923542_415362666382442_2365703463096493785_n-700x400.jpg\" height=\"400\" width=\"700\" alt=\"\" class=\"slider-210 slide-215 msDefaultImage\" title=\"139923542_415362666382442_2365703463096493785_n\" \/><\/li>\n                <li style=\"display: none; width: 100%;\" class=\"slide-216 ms-image\" aria-roledescription=\"slide\" data-date=\"2021-03-05 20:37:19\" data-filename=\"141273990_447588389719271_2442258024966052229_n-700x400.jpg\" data-slide-type=\"image\"><img loading=\"lazy\" decoding=\"async\" src=\"https:\/\/triplyinc.com\/wp-content\/uploads\/2021\/03\/141273990_447588389719271_2442258024966052229_n-700x400.jpg\" height=\"400\" width=\"700\" alt=\"\" class=\"slider-210 slide-216 msDefaultImage\" title=\"141273990_447588389719271_2442258024966052229_n\" \/><\/li>\n            <\/ul>\n        <\/div>\n        \n    <\/div>\n<\/div><\/div>\n<\/div>\n\n\n\n<div class=\"wp-block-column is-layout-flow wp-block-column-is-layout-flow\">\n<div class=\"alignfull\"><div id=\"metaslider-id-209\" style=\"width: 100%;\" class=\"ml-slider-3-109-0 metaslider metaslider-flex metaslider-209 ml-slider has-dots-nav ms-theme-default\" role=\"region\" aria-label=\"Planches\" data-height=\"300\" data-width=\"700\">\n    <div id=\"metaslider_container_209\">\n        <div id=\"metaslider_209\">\n            <ul class='slides'>\n                <li style=\"display: block; width: 100%;\" class=\"slide-291 ms-image\" aria-roledescription=\"slide\" data-date=\"2021-09-16 19:47:56\" data-filename=\"242131714_4205695476133804_8230363019403298577_n-700x300.jpg\" data-slide-type=\"image\"><img loading=\"lazy\" decoding=\"async\" src=\"https:\/\/triplyinc.com\/wp-content\/uploads\/2021\/09\/242131714_4205695476133804_8230363019403298577_n-700x300.jpg\" height=\"300\" width=\"700\" alt=\"\" class=\"slider-209 slide-291 msDefaultImage\" title=\"242131714_4205695476133804_8230363019403298577_n\" \/><\/li>\n                <li style=\"display: none; width: 100%;\" class=\"slide-292 ms-image\" aria-roledescription=\"slide\" data-date=\"2021-09-16 19:47:56\" data-filename=\"241983405_593813498468145_6371995221846727078_n-700x300.jpg\" data-slide-type=\"image\"><img loading=\"lazy\" decoding=\"async\" src=\"https:\/\/triplyinc.com\/wp-content\/uploads\/2021\/09\/241983405_593813498468145_6371995221846727078_n-700x300.jpg\" height=\"300\" width=\"700\" alt=\"\" class=\"slider-209 slide-292 msDefaultImage\" title=\"241983405_593813498468145_6371995221846727078_n\" \/><\/li>\n                <li style=\"display: none; width: 100%;\" class=\"slide-297 ms-image\" aria-roledescription=\"slide\" data-date=\"2021-09-16 19:56:15\" data-filename=\"242201802_382099300025168_4814055432580285213_n-700x300.jpg\" data-slide-type=\"image\"><img loading=\"lazy\" decoding=\"async\" src=\"https:\/\/triplyinc.com\/wp-content\/uploads\/2021\/09\/242201802_382099300025168_4814055432580285213_n-700x300.jpg\" height=\"300\" width=\"700\" alt=\"\" class=\"slider-209 slide-297 msDefaultImage\" title=\"242201802_382099300025168_4814055432580285213_n\" \/><\/li>\n            <\/ul>\n        <\/div>\n        \n    <\/div>\n<\/div><\/div>\n<\/div>\n<\/div>\n\n\n\n<hr class=\"wp-block-separator\"\/>\n\n\n\n<p><\/p>\n\n\n\n<div class=\"wp-block-group alignfull has-text-color has-background\" style=\"background-color:#007ac2;color:#ffffff\"><div class=\"wp-block-group__inner-container is-layout-flow wp-block-group-is-layout-flow\">\n<div class=\"wp-block-columns alignfull is-layout-flex wp-container-core-columns-is-layout-9d6595d7 wp-block-columns-is-layout-flex\">\n<div class=\"wp-block-column is-vertically-aligned-top is-layout-flow wp-block-column-is-layout-flow\">\n<figure class=\"wp-block-image alignfull size-large\"><img loading=\"lazy\" decoding=\"async\" width=\"1024\" height=\"280\" src=\"https:\/\/triplyinc.com\/wp-content\/uploads\/2021\/01\/137543447_403375797614323_9046674613425831483_n-1024x280.png\" alt=\"\" class=\"wp-image-62\"\/><\/figure>\n\n\n\n<p>N&#8217;h\u00e9sitez pas \u00e0 nous \u00e9crire si vous avez des questions, des requ\u00eates ou si vous d\u00e9sirez faire une demande de soumission.<\/p>\n<\/div>\n\n\n\n<div class=\"wp-block-column is-layout-flow wp-block-column-is-layout-flow\">\n<h5 class=\"has-text-align-center wp-block-heading\">OFFICE OPENING HOURS<\/h5>\n\n\n\n<p class=\"has-text-align-center\">Monday: 7:00 \u2013 15:00<br>Tuesday: 7:00 \u2013 15:00<br>Wednesday: 7:00 \u2013 15:00<br>Thursday: 7:00 \u2013 15:00<br>Friday: 7:00 \u2013 15:00<br>Saturday: CLOSED<br>Sunday: CLOSED<br><\/p>\n<\/div>\n\n\n\n<div class=\"wp-block-column is-layout-flow wp-block-column-is-layout-flow\">\n<h5 class=\"wp-block-heading\">OUR CONTACT DETAILS<\/h5>\n\n\n\n<p>3821 Chemin d'Oka<br>Saint-Joseph-du-Lac, QC, Canada<br>J0N 1M0<br>Phone: (450) 473-1397<br>Fax: (450) 473-8491<br>Email: triply@videotron.ca<\/p>\n<\/div>\n<\/div>\n<\/div><\/div>","protected":false},"excerpt":{"rendered":"","protected":false},"author":1,"featured_media":0,"parent":0,"menu_order":0,"comment_status":"closed","ping_status":"closed","template":"","meta":{"footnotes":""},"class_list":["post-2","page","type-page","status-publish","hentry","entry"],"_links":{"self":[{"href":"https:\/\/triplyinc.com\/en\/wp-json\/wp\/v2\/pages\/2","targetHints":{"allow":["GET"]}}],"collection":[{"href":"https:\/\/triplyinc.com\/en\/wp-json\/wp\/v2\/pages"}],"about":[{"href":"https:\/\/triplyinc.com\/en\/wp-json\/wp\/v2\/types\/page"}],"author":[{"embeddable":true,"href":"https:\/\/triplyinc.com\/en\/wp-json\/wp\/v2\/users\/1"}],"replies":[{"embeddable":true,"href":"https:\/\/triplyinc.com\/en\/wp-json\/wp\/v2\/comments?post=2"}],"version-history":[{"count":85,"href":"https:\/\/triplyinc.com\/en\/wp-json\/wp\/v2\/pages\/2\/revisions"}],"predecessor-version":[{"id":293,"href":"https:\/\/triplyinc.com\/en\/wp-json\/wp\/v2\/pages\/2\/revisions\/293"}],"wp:attachment":[{"href":"https:\/\/triplyinc.com\/en\/wp-json\/wp\/v2\/media?parent=2"}],"curies":[{"name":"wp","href":"https:\/\/api.w.org\/{rel}","templated":true}]}}