{"id":109,"date":"2021-01-10T19:29:16","date_gmt":"2021-01-11T00:29:16","guid":{"rendered":"https:\/\/triplyinc.com\/?page_id=109"},"modified":"2021-09-16T18:57:41","modified_gmt":"2021-09-16T23:57:41","slug":"nous-joindre","status":"publish","type":"page","link":"https:\/\/triplyinc.com\/en\/nous-joindre\/","title":{"rendered":"Contact"},"content":{"rendered":"<div class=\"wp-block-group alignfull\"><div class=\"wp-block-group__inner-container is-layout-flow wp-block-group-is-layout-flow\">\n<div class=\"wp-block-columns alignfull is-layout-flex wp-container-core-columns-is-layout-9d6595d7 wp-block-columns-is-layout-flex\">\n<div class=\"wp-block-column is-vertically-aligned-top is-layout-flow wp-block-column-is-layout-flow\">\n<h2 class=\"has-text-align-center wp-block-heading\">ins\u00e9rer titre<\/h2>\n\n\n\n<div class=\"wp-block-columns is-layout-flex wp-container-core-columns-is-layout-9d6595d7 wp-block-columns-is-layout-flex\">\n<div class=\"wp-block-column is-layout-flow wp-block-column-is-layout-flow\">\n<div class=\"wp-block-image\"><figure class=\"alignright size-large is-resized\"><img loading=\"lazy\" decoding=\"async\" src=\"https:\/\/triplyinc.com\/wp-content\/uploads\/2021\/01\/locatelocationmappinicon-1320166323506282471.png\" alt=\"\" class=\"wp-image-178\" width=\"74\" height=\"74\" srcset=\"https:\/\/triplyinc.com\/wp-content\/uploads\/2021\/01\/locatelocationmappinicon-1320166323506282471.png 512w, https:\/\/triplyinc.com\/wp-content\/uploads\/2021\/01\/locatelocationmappinicon-1320166323506282471-300x300.png 300w, https:\/\/triplyinc.com\/wp-content\/uploads\/2021\/01\/locatelocationmappinicon-1320166323506282471-150x150.png 150w\" sizes=\"auto, (max-width: 74px) 100vw, 74px\" \/><\/figure><\/div>\n<\/div>\n\n\n\n<div class=\"wp-block-column is-vertically-aligned-top is-layout-flow wp-block-column-is-layout-flow\">\n<p>ADRESSE:<br>3821 Chemin d&#8217;Oka, Saint-Joseph-du-Lac, QC<br>J0N 1M0<\/p>\n<\/div>\n<\/div>\n<\/div>\n\n\n\n<div class=\"wp-block-column is-layout-flow wp-block-column-is-layout-flow\"><\/div>\n<\/div>\n<\/div><\/div>\n\n\n\n<div class=\"wp-block-group alignfull has-text-color has-background\" style=\"background-color:#007ac2;color:#ffffff\"><div class=\"wp-block-group__inner-container is-layout-flow wp-block-group-is-layout-flow\">\n<div class=\"wp-block-columns alignfull is-layout-flex wp-container-core-columns-is-layout-9d6595d7 wp-block-columns-is-layout-flex\">\n<div class=\"wp-block-column is-vertically-aligned-top is-layout-flow wp-block-column-is-layout-flow\">\n<figure class=\"wp-block-image alignfull size-large\"><img loading=\"lazy\" decoding=\"async\" width=\"1024\" height=\"280\" src=\"https:\/\/triplyinc.com\/wp-content\/uploads\/2021\/01\/137543447_403375797614323_9046674613425831483_n-1024x280.png\" alt=\"\" class=\"wp-image-62\"\/><\/figure>\n\n\n\n<p>N&#8217;h\u00e9sitez pas \u00e0 nous \u00e9crire si vous avez des questions, des requ\u00eates ou si vous d\u00e9sirez faire une demande de soumission.<\/p>\n<\/div>\n\n\n\n<div class=\"wp-block-column is-layout-flow wp-block-column-is-layout-flow\">\n<h5 class=\"has-text-align-center wp-block-heading\">OFFICE OPENING HOURS<\/h5>\n\n\n\n<p class=\"has-text-align-center\">Monday: 7:00 \u2013 15:00<br>Tuesday: 7:00 \u2013 15:00<br>Wednesday: 7:00 \u2013 15:00<br>Thursday: 7:00 \u2013 15:00<br>Friday: 7:00 \u2013 15:00<br>Saturday: CLOSED<br>Sunday: CLOSED<br><\/p>\n<\/div>\n\n\n\n<div class=\"wp-block-column is-layout-flow wp-block-column-is-layout-flow\">\n<h5 class=\"wp-block-heading\">OUR CONTACT DETAILS<\/h5>\n\n\n\n<p>3821 Chemin d'Oka<br>Saint-Joseph-du-Lac, QC, Canada<br>J0N 1M0<br>Phone: (450) 473-1397<br>Fax: (450) 473-8491<br>Email: triply@videotron.ca<\/p>\n<\/div>\n<\/div>\n<\/div><\/div>","protected":false},"excerpt":{"rendered":"<p>ins\u00e9rer titre ADRESSE:3821 Chemin d&#8217;Oka, Saint-Joseph-du-Lac, QCJ0N 1M0<\/p>","protected":false},"author":1,"featured_media":0,"parent":0,"menu_order":0,"comment_status":"closed","ping_status":"closed","template":"","meta":{"footnotes":""},"class_list":["post-109","page","type-page","status-publish","hentry","entry"],"_links":{"self":[{"href":"https:\/\/triplyinc.com\/en\/wp-json\/wp\/v2\/pages\/109","targetHints":{"allow":["GET"]}}],"collection":[{"href":"https:\/\/triplyinc.com\/en\/wp-json\/wp\/v2\/pages"}],"about":[{"href":"https:\/\/triplyinc.com\/en\/wp-json\/wp\/v2\/types\/page"}],"author":[{"embeddable":true,"href":"https:\/\/triplyinc.com\/en\/wp-json\/wp\/v2\/users\/1"}],"replies":[{"embeddable":true,"href":"https:\/\/triplyinc.com\/en\/wp-json\/wp\/v2\/comments?post=109"}],"version-history":[{"count":20,"href":"https:\/\/triplyinc.com\/en\/wp-json\/wp\/v2\/pages\/109\/revisions"}],"predecessor-version":[{"id":264,"href":"https:\/\/triplyinc.com\/en\/wp-json\/wp\/v2\/pages\/109\/revisions\/264"}],"wp:attachment":[{"href":"https:\/\/triplyinc.com\/en\/wp-json\/wp\/v2\/media?parent=109"}],"curies":[{"name":"wp","href":"https:\/\/api.w.org\/{rel}","templated":true}]}}